{"id":1525,"date":"2020-10-14T14:36:57","date_gmt":"2020-10-14T14:36:57","guid":{"rendered":"https:\/\/www.cebiotex.com\/?page_id=1525"},"modified":"2023-05-24T16:02:15","modified_gmt":"2023-05-24T16:02:15","slug":"participa","status":"publish","type":"page","link":"https:\/\/www.cebiotex.com\/es\/participa\/","title":{"rendered":"Participa"},"content":{"rendered":"\t\t<div data-elementor-type=\"wp-page\" data-elementor-id=\"1525\" class=\"elementor elementor-1525\" data-elementor-post-type=\"page\">\n\t\t\t\t\t\t<section class=\"has_eae_slider elementor-section elementor-top-section elementor-element elementor-element-13f1b37 elementor-section-boxed elementor-section-height-default elementor-section-height-default\" data-eae-slider=\"41464\" data-id=\"13f1b37\" data-element_type=\"section\" data-e-type=\"section\">\n\t\t\t\t\t\t<div class=\"elementor-container elementor-column-gap-default\">\n\t\t\t\t\t<div class=\"has_eae_slider elementor-column elementor-col-100 elementor-top-column elementor-element elementor-element-ec73b3b\" data-eae-slider=\"67055\" data-id=\"ec73b3b\" data-element_type=\"column\" data-e-type=\"column\">\n\t\t\t<div class=\"elementor-widget-wrap elementor-element-populated\">\n\t\t\t\t\t\t<div class=\"elementor-element elementor-element-94eff25 elementor-widget elementor-widget-heading\" data-id=\"94eff25\" data-element_type=\"widget\" data-e-type=\"widget\" data-widget_type=\"heading.default\">\n\t\t\t\t<div class=\"elementor-widget-container\">\n\t\t\t\t\t<h1 class=\"elementor-heading-title elementor-size-default\">\u00danete a difundir nuestro proyecto<\/h1>\t\t\t\t<\/div>\n\t\t\t\t<\/div>\n\t\t\t\t\t<\/div>\n\t\t<\/div>\n\t\t\t\t\t<\/div>\n\t\t<\/section>\n\t\t\t\t<section class=\"has_eae_slider elementor-section elementor-top-section elementor-element elementor-element-57ad93d elementor-section-boxed elementor-section-height-default elementor-section-height-default\" data-eae-slider=\"32197\" data-id=\"57ad93d\" data-element_type=\"section\" data-e-type=\"section\">\n\t\t\t\t\t\t<div class=\"elementor-container elementor-column-gap-default\">\n\t\t\t\t\t<div class=\"has_eae_slider elementor-column elementor-col-100 elementor-top-column elementor-element elementor-element-d02b4f1\" data-eae-slider=\"97755\" data-id=\"d02b4f1\" data-element_type=\"column\" data-e-type=\"column\">\n\t\t\t<div class=\"elementor-widget-wrap elementor-element-populated\">\n\t\t\t\t\t\t<div class=\"elementor-element elementor-element-6a002dd elementor-widget elementor-widget-text-editor\" data-id=\"6a002dd\" data-element_type=\"widget\" data-e-type=\"widget\" data-widget_type=\"text-editor.default\">\n\t\t\t\t<div class=\"elementor-widget-container\">\n\t\t\t\t\t\t\t\t\t<p style=\"text-align: center;\">Cuando la salud est\u00e1 en juego, solo hay una pregunta en mente: \u201c<b>\u00bftiene soluci\u00f3n?<\/b>\u201d.<\/p><p style=\"text-align: center;\">Imagina que t\u00fa puedes elegir la respuesta.<\/p>\t\t\t\t\t\t\t\t<\/div>\n\t\t\t\t<\/div>\n\t\t\t\t\t<\/div>\n\t\t<\/div>\n\t\t\t\t\t<\/div>\n\t\t<\/section>\n\t\t\t\t<section class=\"has_eae_slider elementor-section elementor-top-section elementor-element elementor-element-f48d168 elementor-section-boxed elementor-section-height-default elementor-section-height-default\" data-eae-slider=\"71792\" data-id=\"f48d168\" data-element_type=\"section\" data-e-type=\"section\">\n\t\t\t\t\t\t<div class=\"elementor-container elementor-column-gap-default\">\n\t\t\t\t\t<div class=\"has_eae_slider elementor-column elementor-col-50 elementor-top-column elementor-element elementor-element-36ca0ab\" data-eae-slider=\"42550\" data-id=\"36ca0ab\" data-element_type=\"column\" data-e-type=\"column\">\n\t\t\t<div class=\"elementor-widget-wrap elementor-element-populated\">\n\t\t\t\t\t\t<div class=\"elementor-element elementor-element-cb9ebd9 elementor-widget elementor-widget-text-editor\" data-id=\"cb9ebd9\" data-element_type=\"widget\" data-e-type=\"widget\" data-widget_type=\"text-editor.default\">\n\t\t\t\t<div class=\"elementor-widget-container\">\n\t\t\t\t\t\t\t\t\t<p>Nuestra intenci\u00f3n es que tanto pacientes pedi\u00e1tricos como adultos puedan<b> beneficiarse del f\u00e1rmaco CEB-01 en sus tratamientos oncol\u00f3gicos<\/b>, priorizando la l\u00ednea pedi\u00e1trica durante su desarrollo.<\/p><p>Actualmente, nuestro f\u00e1rmaco se encuentra en Fase Cl\u00ednica 2a (seguridad), con <b>resultados extremadamente prometedores<\/b>.<\/p><p>Tras realizar los estudios de seguridad en los 9 primeros pacientes de 21, podremos alcanzar nuestro gran objetivo: <b>iniciar los estudios cl\u00ednicos con pacientes pedi\u00e1tricos<\/b> de la mano del Hospital Sant Joan de D\u00e9u.<\/p><p>Para lograrlo y seguir avanzando, tu participaci\u00f3n es esencial.<\/p><p><strong>\u00a1\u00danete a difundir nuestro proyecto!<\/strong><\/p>\t\t\t\t\t\t\t\t<\/div>\n\t\t\t\t<\/div>\n\t\t\t\t\t<\/div>\n\t\t<\/div>\n\t\t\t\t<div class=\"has_eae_slider elementor-column elementor-col-50 elementor-top-column elementor-element elementor-element-315acde\" data-eae-slider=\"51360\" data-id=\"315acde\" data-element_type=\"column\" data-e-type=\"column\">\n\t\t\t<div class=\"elementor-widget-wrap elementor-element-populated\">\n\t\t\t\t\t\t<div class=\"elementor-element elementor-element-944bd8d elementor-widget elementor-widget-video\" data-id=\"944bd8d\" data-element_type=\"widget\" data-e-type=\"widget\" data-settings=\"{&quot;youtube_url&quot;:&quot;https:\\\/\\\/youtu.be\\\/lHwsogOzVZU&quot;,&quot;video_type&quot;:&quot;youtube&quot;,&quot;controls&quot;:&quot;yes&quot;}\" data-widget_type=\"video.default\">\n\t\t\t\t<div class=\"elementor-widget-container\">\n\t\t\t\t\t\t\t<div class=\"elementor-wrapper elementor-open-inline\">\n\t\t\t<div class=\"elementor-video\"><\/div>\t\t<\/div>\n\t\t\t\t\t\t<\/div>\n\t\t\t\t<\/div>\n\t\t\t\t\t<\/div>\n\t\t<\/div>\n\t\t\t\t\t<\/div>\n\t\t<\/section>\n\t\t\t\t<section class=\"has_eae_slider elementor-section elementor-top-section elementor-element elementor-element-5d24e1f elementor-section-boxed elementor-section-height-default elementor-section-height-default\" data-eae-slider=\"71809\" data-id=\"5d24e1f\" data-element_type=\"section\" data-e-type=\"section\">\n\t\t\t\t\t\t<div class=\"elementor-container elementor-column-gap-default\">\n\t\t\t\t\t<div class=\"has_eae_slider elementor-column elementor-col-50 elementor-top-column elementor-element elementor-element-4edd14f\" data-eae-slider=\"67007\" data-id=\"4edd14f\" data-element_type=\"column\" data-e-type=\"column\">\n\t\t\t<div class=\"elementor-widget-wrap elementor-element-populated\">\n\t\t\t\t\t\t<div class=\"elementor-element elementor-element-bedf1a9 elementor-align-center elementor-widget elementor-widget-button\" data-id=\"bedf1a9\" data-element_type=\"widget\" data-e-type=\"widget\" data-widget_type=\"button.default\">\n\t\t\t\t<div class=\"elementor-widget-container\">\n\t\t\t\t\t\t\t\t\t<div class=\"elementor-button-wrapper\">\n\t\t\t\t\t<a class=\"elementor-button elementor-button-link elementor-size-md\" href=\"https:\/\/www.cebiotex.com\/wp-content\/uploads\/2021\/03\/Cebiotex_Pitch-Ronda-de-Financiacion-2020-Jan-21-web.pdf\" target=\"_blank\">\n\t\t\t\t\t\t<span class=\"elementor-button-content-wrapper\">\n\t\t\t\t\t\t<span class=\"elementor-button-icon\">\n\t\t\t\t<i aria-hidden=\"true\" class=\"fas fa-file-pdf\"><\/i>\t\t\t<\/span>\n\t\t\t\t\t\t\t\t\t<span class=\"elementor-button-text\">Presentaci\u00f3n 4\u00aa Ronda de Financiaci\u00f3n (Cerrada)<\/span>\n\t\t\t\t\t<\/span>\n\t\t\t\t\t<\/a>\n\t\t\t\t<\/div>\n\t\t\t\t\t\t\t\t<\/div>\n\t\t\t\t<\/div>\n\t\t\t\t\t<\/div>\n\t\t<\/div>\n\t\t\t\t<div class=\"has_eae_slider elementor-column elementor-col-50 elementor-top-column elementor-element elementor-element-f616593\" data-eae-slider=\"93383\" data-id=\"f616593\" data-element_type=\"column\" data-e-type=\"column\">\n\t\t\t<div class=\"elementor-widget-wrap elementor-element-populated\">\n\t\t\t\t\t\t<div class=\"elementor-element elementor-element-16bf756 elementor-align-center elementor-widget elementor-widget-button\" data-id=\"16bf756\" data-element_type=\"widget\" data-e-type=\"widget\" data-widget_type=\"button.default\">\n\t\t\t\t<div class=\"elementor-widget-container\">\n\t\t\t\t\t\t\t\t\t<div class=\"elementor-button-wrapper\">\n\t\t\t\t\t<a class=\"elementor-button elementor-button-link elementor-size-md\" href=\"https:\/\/www.cebiotex.com\/wp-content\/uploads\/2021\/03\/Cebiotex_Pitch-Funding-Round-2020-Jan-21-web.pdf\" target=\"_blank\">\n\t\t\t\t\t\t<span class=\"elementor-button-content-wrapper\">\n\t\t\t\t\t\t<span class=\"elementor-button-icon\">\n\t\t\t\t<i aria-hidden=\"true\" class=\"fas fa-file-pdf\"><\/i>\t\t\t<\/span>\n\t\t\t\t\t\t\t\t\t<span class=\"elementor-button-text\">4th funding round presentation (closed)<\/span>\n\t\t\t\t\t<\/span>\n\t\t\t\t\t<\/a>\n\t\t\t\t<\/div>\n\t\t\t\t\t\t\t\t<\/div>\n\t\t\t\t<\/div>\n\t\t\t\t\t<\/div>\n\t\t<\/div>\n\t\t\t\t\t<\/div>\n\t\t<\/section>\n\t\t\t\t<section class=\"has_eae_slider elementor-section elementor-top-section elementor-element elementor-element-c0fd11d elementor-section-boxed elementor-section-height-default elementor-section-height-default\" data-eae-slider=\"66792\" data-id=\"c0fd11d\" data-element_type=\"section\" data-e-type=\"section\">\n\t\t\t\t\t\t<div class=\"elementor-container elementor-column-gap-default\">\n\t\t\t\t\t<div class=\"has_eae_slider elementor-column elementor-col-100 elementor-top-column elementor-element elementor-element-092edb7\" data-eae-slider=\"53555\" data-id=\"092edb7\" data-element_type=\"column\" data-e-type=\"column\">\n\t\t\t<div class=\"elementor-widget-wrap elementor-element-populated\">\n\t\t\t\t\t\t<div class=\"elementor-element elementor-element-5664318 elementor-headline--style-highlight elementor-widget elementor-widget-animated-headline\" data-id=\"5664318\" data-element_type=\"widget\" data-e-type=\"widget\" data-settings=\"{&quot;marker&quot;:&quot;double_underline&quot;,&quot;highlighted_text&quot;:&quot;cerrada con \\u00e9xito&quot;,&quot;headline_style&quot;:&quot;highlight&quot;,&quot;loop&quot;:&quot;yes&quot;,&quot;highlight_animation_duration&quot;:1200,&quot;highlight_iteration_delay&quot;:8000}\" data-widget_type=\"animated-headline.default\">\n\t\t\t\t<div class=\"elementor-widget-container\">\n\t\t\t\t\t\t\t<h1 class=\"elementor-headline\">\n\t\t\t\t\t<span class=\"elementor-headline-plain-text elementor-headline-text-wrapper\">4\u00aa ronda de financiaci\u00f3n<\/span>\n\t\t\t\t<span class=\"elementor-headline-dynamic-wrapper elementor-headline-text-wrapper\">\n\t\t\t\t\t<span class=\"elementor-headline-dynamic-text elementor-headline-text-active\">cerrada con \u00e9xito<\/span>\n\t\t\t\t<\/span>\n\t\t\t\t<\/h1>\n\t\t\t\t\t\t<\/div>\n\t\t\t\t<\/div>\n\t\t\t\t\t<\/div>\n\t\t<\/div>\n\t\t\t\t\t<\/div>\n\t\t<\/section>\n\t\t\t\t<\/div>\n\t\t","protected":false},"excerpt":{"rendered":"<p>\u00danete a difundir nuestro proyecto Cuando la salud est\u00e1 en juego, solo hay una pregunta en mente: \u201c\u00bftiene soluci\u00f3n?\u201d. Imagina que t\u00fa puedes elegir la respuesta. Nuestra intenci\u00f3n es que tanto pacientes pedi\u00e1tricos como adultos puedan beneficiarse del f\u00e1rmaco CEB-01 en sus tratamientos oncol\u00f3gicos, priorizando la l\u00ednea pedi\u00e1trica durante su desarrollo. Actualmente, nuestro f\u00e1rmaco se [&hellip;]<\/p>\n","protected":false},"author":2,"featured_media":0,"parent":0,"menu_order":0,"comment_status":"closed","ping_status":"closed","template":"","meta":{"_acf_changed":false,"footnotes":""},"class_list":["post-1525","page","type-page","status-publish","hentry"],"acf":[],"_links":{"self":[{"href":"https:\/\/www.cebiotex.com\/es\/wp-json\/wp\/v2\/pages\/1525","targetHints":{"allow":["GET"]}}],"collection":[{"href":"https:\/\/www.cebiotex.com\/es\/wp-json\/wp\/v2\/pages"}],"about":[{"href":"https:\/\/www.cebiotex.com\/es\/wp-json\/wp\/v2\/types\/page"}],"author":[{"embeddable":true,"href":"https:\/\/www.cebiotex.com\/es\/wp-json\/wp\/v2\/users\/2"}],"replies":[{"embeddable":true,"href":"https:\/\/www.cebiotex.com\/es\/wp-json\/wp\/v2\/comments?post=1525"}],"version-history":[{"count":89,"href":"https:\/\/www.cebiotex.com\/es\/wp-json\/wp\/v2\/pages\/1525\/revisions"}],"predecessor-version":[{"id":3900,"href":"https:\/\/www.cebiotex.com\/es\/wp-json\/wp\/v2\/pages\/1525\/revisions\/3900"}],"wp:attachment":[{"href":"https:\/\/www.cebiotex.com\/es\/wp-json\/wp\/v2\/media?parent=1525"}],"curies":[{"name":"wp","href":"https:\/\/api.w.org\/{rel}","templated":true}]}}